{"id":2355,"date":"2024-03-27T08:33:19","date_gmt":"2024-03-27T09:33:19","guid":{"rendered":"https:\/\/husetihassela.se\/ferienhaus-vermietung-im-winter\/"},"modified":"2025-04-02T16:22:04","modified_gmt":"2025-04-02T17:22:04","slug":"ferienhaus-vermietung-im-winter","status":"publish","type":"page","link":"https:\/\/husetihassela.se\/de\/ferienhaus-vermietung-im-winter\/","title":{"rendered":"Winter-Ferienh\u00e4user"},"content":{"rendered":"\n<p>Willkommen in einem frischen und leicht luxuri\u00f6sen Cottage mit Spa-Bad. Hier haben wir in den Wintermonaten normalerweise viel Schnee. Skifahren, sowohl bergab als auch langlaufend. Schneemobilfahren und Winterangeln. <\/p>\n\n<figure class=\"wp-block-image size-full\"><img loading=\"lazy\" decoding=\"async\" width=\"1000\" height=\"600\" src=\"https:\/\/husetihassela.se\/wp-content\/uploads\/downhill-hassela-ski-resort.jpg\" alt=\"gute pisten hassela skigebiet\" class=\"wp-image-1835\" srcset=\"https:\/\/husetihassela.se\/wp-content\/uploads\/downhill-hassela-ski-resort.jpg 1000w, https:\/\/husetihassela.se\/wp-content\/uploads\/downhill-hassela-ski-resort-300x180.jpg 300w, https:\/\/husetihassela.se\/wp-content\/uploads\/downhill-hassela-ski-resort-768x461.jpg 768w, https:\/\/husetihassela.se\/wp-content\/uploads\/downhill-hassela-ski-resort-850x510.jpg 850w, https:\/\/husetihassela.se\/wp-content\/uploads\/downhill-hassela-ski-resort-600x360.jpg 600w\" sizes=\"auto, (max-width: 1000px) 100vw, 1000px\" \/><\/figure>\n\n<h2 class=\"wp-block-heading\">Skigebiet Hassela<\/h2>\n\n<p>Wenn Sie zum Skifahren kommen, finden Sie im <a href=\"https:\/\/hasselaski.se\/\" target=\"_blank\" rel=\"noreferrer noopener\">Skigebiet Hassela Ski Resort<\/a> tolle Pisten. Au\u00dferdem gibt es tolle Langlaufloipen und man kann im See neben dem Resort Regenbogenforellen angeln.<br \/>Die Fahrt vom Ferienhaus zum Skigebiet Hassela dauert etwa 15 Minuten.<\/p>\n\n<figure class=\"wp-block-image size-full\"><img loading=\"lazy\" decoding=\"async\" width=\"690\" height=\"518\" src=\"https:\/\/husetihassela.se\/wp-content\/uploads\/Langdspar-skoterspar-ravs.jpg\" alt=\"Skispuren auf dem See\" class=\"wp-image-1745\" srcset=\"https:\/\/husetihassela.se\/wp-content\/uploads\/Langdspar-skoterspar-ravs.jpg 690w, https:\/\/husetihassela.se\/wp-content\/uploads\/Langdspar-skoterspar-ravs-300x225.jpg 300w, https:\/\/husetihassela.se\/wp-content\/uploads\/Langdspar-skoterspar-ravs-600x450.jpg 600w\" sizes=\"auto, (max-width: 690px) 100vw, 690px\" \/><figcaption class=\"wp-element-caption\">Langlaufloipen, Motorschlittenwege und Fuchsspuren am See.<\/figcaption><\/figure>\n\n<h3 class=\"wp-block-heading\">Schneemobilfahren<\/h3>\n\n<p>Das Ausprobieren oder Ausleihen eines Motorschlittens ist unter bestimmten Bedingungen m\u00f6glich. Das Gleiche gilt f\u00fcr Quads. <\/p>\n\n<figure class=\"wp-block-image size-full\"><img loading=\"lazy\" decoding=\"async\" width=\"500\" height=\"600\" src=\"https:\/\/husetihassela.se\/wp-content\/uploads\/Skoter-Hassela.jpg\" alt=\"Schneemobilfahren und Angeln in Hassela\" class=\"wp-image-1823\" srcset=\"https:\/\/husetihassela.se\/wp-content\/uploads\/Skoter-Hassela.jpg 500w, https:\/\/husetihassela.se\/wp-content\/uploads\/Skoter-Hassela-250x300.jpg 250w, https:\/\/husetihassela.se\/wp-content\/uploads\/Skoter-Hassela-300x360.jpg 300w\" sizes=\"auto, (max-width: 500px) 100vw, 500px\" \/><\/figure>\n\n<figure class=\"wp-block-gallery has-nested-images columns-default is-cropped wp-block-gallery-1 is-layout-flex wp-block-gallery-is-layout-flex\">\n<figure class=\"wp-block-image size-large\"><img loading=\"lazy\" decoding=\"async\" width=\"800\" height=\"540\" data-id=\"1921\" src=\"https:\/\/husetihassela.se\/wp-content\/uploads\/snowmobile-picknick.jpg\" alt=\"Ausflug mit dem Schneemobil\" class=\"wp-image-1921\" srcset=\"https:\/\/husetihassela.se\/wp-content\/uploads\/snowmobile-picknick.jpg 800w, https:\/\/husetihassela.se\/wp-content\/uploads\/snowmobile-picknick-300x203.jpg 300w, https:\/\/husetihassela.se\/wp-content\/uploads\/snowmobile-picknick-768x518.jpg 768w, https:\/\/husetihassela.se\/wp-content\/uploads\/snowmobile-picknick-600x405.jpg 600w\" sizes=\"auto, (max-width: 800px) 100vw, 800px\" \/><\/figure>\n\n\n\n<figure class=\"wp-block-image size-large\"><img loading=\"lazy\" decoding=\"async\" width=\"800\" height=\"540\" data-id=\"1906\" src=\"https:\/\/husetihassela.se\/wp-content\/uploads\/Essayez-le-quad-et-la-moton.jpg\" alt=\"\" class=\"wp-image-1906\" srcset=\"https:\/\/husetihassela.se\/wp-content\/uploads\/Essayez-le-quad-et-la-moton.jpg 800w, https:\/\/husetihassela.se\/wp-content\/uploads\/Essayez-le-quad-et-la-moton-300x203.jpg 300w, https:\/\/husetihassela.se\/wp-content\/uploads\/Essayez-le-quad-et-la-moton-768x518.jpg 768w, https:\/\/husetihassela.se\/wp-content\/uploads\/Essayez-le-quad-et-la-moton-600x405.jpg 600w\" sizes=\"auto, (max-width: 800px) 100vw, 800px\" \/><\/figure>\n<\/figure>\n\n<p><a href=\"http:\/\/airbnb.se\/h\/husetihassela\" target=\"_blank\" rel=\"noreferrer noopener\">Lesen Sie mehr und buchen Sie das Haus hier!<\/a>  <br \/>Zur Sicherheit aller, buchen wir nur \u00fcber <a href=\"http:\/\/airbnb.se\/h\/husetihassela\" target=\"_blank\" rel=\"noreferrer noopener\"><img loading=\"lazy\" decoding=\"async\" width=\"147\" height=\"54\" class=\"wp-image-2024\" style=\"width: 90px\" src=\"https:\/\/husetihassela.se\/wp-content\/uploads\/airbnb.jpg\" alt=\"Sicher buchen &#xFC;ber airbnb\" \/><\/a><a href=\"http:\/\/airbnb.se\/h\/husetihassela\" target=\"_blank\" rel=\"noreferrer noopener\"><\/a><a href=\"http:\/\/airbnb.se\/h\/husetihassela\" target=\"_blank\" rel=\"noreferrer noopener\"><\/a><\/p>\n\n<p><a href=\"https:\/\/www.google.com\/maps\/place\/829+98+Hassela\/@60.968749,10.0753164,5.75z\/data=!4m6!3m5!1s0x466430abefdf9921:0x4b190cd67d025b35!8m2!3d62.111113!4d16.7220909!16s%2Fm%2F05zztjz?entry=ttu\" target=\"_blank\" rel=\"noreferrer noopener\">Hier befindet sich Hassela &#8211; siehe Karte.<\/a><\/p>\n\n<h3 class=\"wp-block-heading\">Eisfischen<\/h3>\n\n<p>Die Winterfischerei ist etwas Besonderes. Ziel ist nat\u00fcrlich das Angeln, oft ist es aber auch ein Ausflug mit Hei\u00dfgetr\u00e4nk und W\u00fcrstchengrillen. Wichtig ist die richtige Kleidung, insbesondere warme und wasserdichte Stiefel. Sie k\u00f6nnen in unserem See und in den benachbarten &#8222;Put and Take&#8220;-Seen Eisfischen. Angelscheine m\u00fcssen gekauft werden und kosten 150 SEK pro Person f\u00fcr eine Woche. F\u00fcr Kinder und Jugendliche unter 15 Jahren ist das Angeln kostenlos. Wir haben Eisbohrer, Ruten und anderes Zubeh\u00f6r, das unsere G\u00e4ste ausleihen k\u00f6nnen.<\/p>\n\n<figure class=\"wp-block-gallery has-nested-images columns-default is-cropped wp-block-gallery-2 is-layout-flex wp-block-gallery-is-layout-flex\">\n<figure class=\"wp-block-image size-large\"><img loading=\"lazy\" decoding=\"async\" width=\"300\" height=\"400\" data-id=\"1789\" src=\"https:\/\/husetihassela.se\/wp-content\/uploads\/isfiske.jpg\" alt=\"Eisfischen auf gute Barsche, Saiblinge oder Hechte\" class=\"wp-image-1789\" srcset=\"https:\/\/husetihassela.se\/wp-content\/uploads\/isfiske.jpg 300w, https:\/\/husetihassela.se\/wp-content\/uploads\/isfiske-225x300.jpg 225w\" sizes=\"auto, (max-width: 300px) 100vw, 300px\" \/><\/figure>\n\n\n\n<figure class=\"wp-block-image size-large\"><img loading=\"lazy\" decoding=\"async\" width=\"400\" height=\"500\" data-id=\"1794\" src=\"https:\/\/husetihassela.se\/wp-content\/uploads\/Reddings.jpg\" alt=\"\" class=\"wp-image-1794\" srcset=\"https:\/\/husetihassela.se\/wp-content\/uploads\/Reddings.jpg 400w, https:\/\/husetihassela.se\/wp-content\/uploads\/Reddings-240x300.jpg 240w, https:\/\/husetihassela.se\/wp-content\/uploads\/Reddings-300x375.jpg 300w\" sizes=\"auto, (max-width: 400px) 100vw, 400px\" \/><\/figure>\n<\/figure>\n\n<p>Um wertvolle Fische wie Saiblinge, Forellen und Regenbogenfische zu fangen, die in drei nahe gelegenen Seen vorkommen, m\u00fcssen Sie eine Tageskarte kaufen, die 180 SEK kostet. Dies gilt f\u00fcr alle, die angeln gehen, auch unter 15 Jahren. Aus diesen Seen d\u00fcrfen maximal drei Fische mit nach Hause genommen werden.<br \/>Weitere Informationen finden Sie auf der <a href=\"https:\/\/www.ifiske.se\/fiske-hasselasjon-flottsjon-haggsjon-mfl.htm\" target=\"_blank\" rel=\"noreferrer noopener\">ifisks-Website<\/a>.<\/p>\n\n<h3 class=\"wp-block-heading\">Whirlpool<\/h3>\n\n<p>Wenn Sie unser Ferienhaus mieten, ist ein gepflegtes Wellnessbad inbegriffen. Das Einzige, woran Sie denken m\u00fcssen, ist, dass Sie vor dem Baden duschen m\u00fcssen. Wir k\u00fcmmern uns um den Rest! <\/p>\n\n<figure class=\"wp-block-image size-full\"><img loading=\"lazy\" decoding=\"async\" width=\"600\" height=\"500\" src=\"https:\/\/husetihassela.se\/wp-content\/uploads\/semesterhus-spabad-vinterda.jpg\" alt=\"Ferienhaus-Spa-Winter\" class=\"wp-image-2121\" srcset=\"https:\/\/husetihassela.se\/wp-content\/uploads\/semesterhus-spabad-vinterda.jpg 600w, https:\/\/husetihassela.se\/wp-content\/uploads\/semesterhus-spabad-vinterda-300x250.jpg 300w\" sizes=\"auto, (max-width: 600px) 100vw, 600px\" \/><\/figure>\n\n<figure class=\"wp-block-image size-full\"><img loading=\"lazy\" decoding=\"async\" width=\"600\" height=\"500\" src=\"https:\/\/husetihassela.se\/wp-content\/uploads\/whirlpool.jpg\" alt=\"Ferienhaus mit Whirlpool direkt am See gelegen\" class=\"wp-image-2010\" srcset=\"https:\/\/husetihassela.se\/wp-content\/uploads\/whirlpool.jpg 600w, https:\/\/husetihassela.se\/wp-content\/uploads\/whirlpool-300x250.jpg 300w\" sizes=\"auto, (max-width: 600px) 100vw, 600px\" \/><\/figure>\n\n<p><\/p>\n\n<p class=\"has-text-align-left\"><a href=\"http:\/\/airbnb.se\/h\/husetihassela\" target=\"_blank\" rel=\"noreferrer noopener\">Lesen Sie mehr und buchen Sie das Haus hier!<\/a><br \/>Zur Sicherheit aller, buchen wir nur \u00fcber <a href=\"http:\/\/airbnb.se\/h\/husetihassela\" target=\"_blank\" rel=\"noreferrer noopener\"><img loading=\"lazy\" decoding=\"async\" width=\"147\" height=\"54\" class=\"wp-image-2024\" style=\"width: 90px\" src=\"https:\/\/husetihassela.se\/wp-content\/uploads\/airbnb.jpg\" alt=\"Sicher buchen &#xFC;ber airbnb\" \/><\/a><a href=\"http:\/\/airbnb.se\/h\/husetihassela\" target=\"_blank\" rel=\"noreferrer noopener\"><\/a><\/p>\n\n<p class=\"has-text-align-left\"><a href=\"https:\/\/www.google.com\/maps\/place\/829+98+Hassela\/@60.968749,10.0753164,5.75z\/data=!4m6!3m5!1s0x466430abefdf9921:0x4b190cd67d025b35!8m2!3d62.111113!4d16.7220909!16s%2Fm%2F05zztjz?entry=ttu\" target=\"_blank\" rel=\"noreferrer noopener\">Hier befindet sich Hassela &#8211; siehe Karte.<\/a>  <\/p>\n\n<figure class=\"wp-block-embed is-type-rich is-provider-inb-ddningshanterare wp-block-embed-inb-ddningshanterare wp-embed-aspect-16-9 wp-has-aspect-ratio\"><div class=\"wp-block-embed__wrapper\">\n<iframe loading=\"lazy\" title=\"V\u00e4lkommen till Huset i Hassela 1\" width=\"750\" height=\"422\" src=\"https:\/\/www.youtube.com\/embed\/wRy-xkhlRLU?feature=oembed\" frameborder=\"0\" allow=\"accelerometer; autoplay; clipboard-write; encrypted-media; gyroscope; picture-in-picture; web-share\" referrerpolicy=\"strict-origin-when-cross-origin\" allowfullscreen><\/iframe>\n<\/div><\/figure>\n\n<h4 class=\"wp-block-heading\">Links f\u00fcr Winteraktivit\u00e4ten:<\/h4>\n\n<p><strong><a href=\"https:\/\/hasselaski.se\/\" target=\"_blank\" rel=\"noreferrer noopener\">Hassela Ski Resort<\/a><\/strong> &#8211; Tolles Skigebiet f\u00fcr die ganze Familie.<\/p>\n\n<p><strong><a href=\"https:\/\/ridislandshast.se\/\" target=\"_blank\" rel=\"noreferrer noopener\">Reiten auf einem Islandpferd<\/a><\/strong>&#8211; Willkommen auf Halls Hof. Auf dem Hof k\u00f6nnen Sie das ganze Jahr \u00fcber auf Islandpferden im sch\u00f6nen H\u00e4lsingland reiten!<\/p>\n\n<p><a href=\"https:\/\/vildriket.se\/\" target=\"_blank\" rel=\"noreferrer noopener\"><strong>Besuchen Sie den Wildtierpark in J\u00e4rvs\u00f6<\/strong><\/a> &#8211; Das wilde K\u00f6nigreich beherbergt nordische Tiere wie Elche, B\u00e4ren, W\u00f6lfe und viele andere Arten. Die Tiere leben in einer m\u00f6glichst nat\u00fcrlichen Umgebung, zu ihren eigenen Bedingungen. Die Wildnis ist etwas mehr als eine Autostunde entfernt, etwa 78 km vom Ferienhaus entfernt.<\/p>\n","protected":false},"excerpt":{"rendered":"<p>Willkommen in einem frischen und leicht luxuri\u00f6sen Cottage mit Spa-Bad. Hier haben wir in den Wintermonaten normalerweise viel Schnee. Skifahren, sowohl bergab als auch langlaufend. Schneemobilfahren und Winterangeln. Skigebiet Hassela Wenn Sie zum Skifahren kommen, finden Sie im Skigebiet Hassela Ski Resort tolle Pisten. Au\u00dferdem gibt es tolle Langlaufloipen und man kann im See neben&hellip; <a class=\"more-link\" href=\"https:\/\/husetihassela.se\/de\/ferienhaus-vermietung-im-winter\/\"><span class=\"screen-reader-text\">Winter-Ferienh\u00e4user<\/span> weiterlesen<\/a><\/p>\n","protected":false},"author":1,"featured_media":2359,"parent":0,"menu_order":3,"comment_status":"closed","ping_status":"closed","template":"","meta":{"_acf_changed":false,"two_page_speed":{"current_score":{"desktop_score":79,"desktop_tti":"0.6\u00a0","mobile_score":100,"mobile_tti":"1.5\u00a0","date":"01.04.2025 11:55:26 am","status":"completed"}},"footnotes":""},"class_list":["post-2355","page","type-page","status-publish","has-post-thumbnail","hentry","entry"],"acf":[],"yoast_head":"<!-- This site is optimized with the Yoast SEO plugin v27.5 - https:\/\/yoast.com\/product\/yoast-seo-wordpress\/ -->\n<title>Winter-Ferienh\u00e4user -<\/title>\n<meta name=\"description\" content=\"Mieten Sie ein neu gebautes, frisches und leicht luxuri\u00f6ses Ferienhaus mit Whirlpool. Hier haben wir im Winter normalerweise viel Schnee. Schneemobilfahren und Winterangeln.\" \/>\n<meta name=\"robots\" content=\"index, follow, max-snippet:-1, max-image-preview:large, max-video-preview:-1\" \/>\n<link rel=\"canonical\" href=\"https:\/\/husetihassela.se\/de\/ferienhaus-vermietung-im-winter\/\" \/>\n<meta property=\"og:locale\" content=\"de_DE\" \/>\n<meta property=\"og:type\" content=\"article\" \/>\n<meta property=\"og:title\" content=\"Winter-Ferienh\u00e4user -\" \/>\n<meta property=\"og:description\" content=\"Mieten Sie ein neu gebautes, frisches und leicht luxuri\u00f6ses Ferienhaus mit Whirlpool. Hier haben wir im Winter normalerweise viel Schnee. Schneemobilfahren und Winterangeln.\" \/>\n<meta property=\"og:url\" content=\"https:\/\/husetihassela.se\/de\/ferienhaus-vermietung-im-winter\/\" \/>\n<meta property=\"article:modified_time\" content=\"2025-04-02T17:22:04+00:00\" \/>\n<meta property=\"og:image\" content=\"https:\/\/husetihassela.se\/wp-content\/uploads\/semesterhus-vintermorgon.jpg\" \/>\n\t<meta property=\"og:image:width\" content=\"1000\" \/>\n\t<meta property=\"og:image:height\" content=\"600\" \/>\n\t<meta property=\"og:image:type\" content=\"image\/jpeg\" \/>\n<meta name=\"twitter:card\" content=\"summary_large_image\" \/>\n<meta name=\"twitter:label1\" content=\"Gesch\u00e4tzte Lesezeit\" \/>\n\t<meta name=\"twitter:data1\" content=\"2\u00a0Minuten\" \/>\n<script type=\"application\/ld+json\" class=\"yoast-schema-graph\">{\"@context\":\"https:\\\/\\\/schema.org\",\"@graph\":[{\"@type\":\"WebPage\",\"@id\":\"https:\\\/\\\/husetihassela.se\\\/de\\\/ferienhaus-vermietung-im-winter\\\/\",\"url\":\"https:\\\/\\\/husetihassela.se\\\/de\\\/ferienhaus-vermietung-im-winter\\\/\",\"name\":\"Winter-Ferienh\u00e4user -\",\"isPartOf\":{\"@id\":\"https:\\\/\\\/husetihassela.se\\\/#website\"},\"primaryImageOfPage\":{\"@id\":\"https:\\\/\\\/husetihassela.se\\\/de\\\/ferienhaus-vermietung-im-winter\\\/#primaryimage\"},\"image\":{\"@id\":\"https:\\\/\\\/husetihassela.se\\\/de\\\/ferienhaus-vermietung-im-winter\\\/#primaryimage\"},\"thumbnailUrl\":\"https:\\\/\\\/husetihassela.se\\\/wp-content\\\/uploads\\\/semesterhus-vintermorgon.jpg\",\"datePublished\":\"2024-03-27T09:33:19+00:00\",\"dateModified\":\"2025-04-02T17:22:04+00:00\",\"description\":\"Mieten Sie ein neu gebautes, frisches und leicht luxuri\u00f6ses Ferienhaus mit Whirlpool. Hier haben wir im Winter normalerweise viel Schnee. Schneemobilfahren und Winterangeln.\",\"breadcrumb\":{\"@id\":\"https:\\\/\\\/husetihassela.se\\\/de\\\/ferienhaus-vermietung-im-winter\\\/#breadcrumb\"},\"inLanguage\":\"de\",\"potentialAction\":[{\"@type\":\"ReadAction\",\"target\":[\"https:\\\/\\\/husetihassela.se\\\/de\\\/ferienhaus-vermietung-im-winter\\\/\"]}]},{\"@type\":\"ImageObject\",\"inLanguage\":\"de\",\"@id\":\"https:\\\/\\\/husetihassela.se\\\/de\\\/ferienhaus-vermietung-im-winter\\\/#primaryimage\",\"url\":\"https:\\\/\\\/husetihassela.se\\\/wp-content\\\/uploads\\\/semesterhus-vintermorgon.jpg\",\"contentUrl\":\"https:\\\/\\\/husetihassela.se\\\/wp-content\\\/uploads\\\/semesterhus-vintermorgon.jpg\",\"width\":1000,\"height\":600},{\"@type\":\"BreadcrumbList\",\"@id\":\"https:\\\/\\\/husetihassela.se\\\/de\\\/ferienhaus-vermietung-im-winter\\\/#breadcrumb\",\"itemListElement\":[{\"@type\":\"ListItem\",\"position\":1,\"name\":\"Hem\",\"item\":\"https:\\\/\\\/husetihassela.se\\\/de\\\/\"},{\"@type\":\"ListItem\",\"position\":2,\"name\":\"Winter-Ferienh\u00e4user\"}]},{\"@type\":\"WebSite\",\"@id\":\"https:\\\/\\\/husetihassela.se\\\/#website\",\"url\":\"https:\\\/\\\/husetihassela.se\\\/\",\"name\":\"\",\"description\":\"\",\"potentialAction\":[{\"@type\":\"SearchAction\",\"target\":{\"@type\":\"EntryPoint\",\"urlTemplate\":\"https:\\\/\\\/husetihassela.se\\\/?s={search_term_string}\"},\"query-input\":{\"@type\":\"PropertyValueSpecification\",\"valueRequired\":true,\"valueName\":\"search_term_string\"}}],\"inLanguage\":\"de\"}]}<\/script>\n<!-- \/ Yoast SEO plugin. -->","yoast_head_json":{"title":"Winter-Ferienh\u00e4user -","description":"Mieten Sie ein neu gebautes, frisches und leicht luxuri\u00f6ses Ferienhaus mit Whirlpool. Hier haben wir im Winter normalerweise viel Schnee. Schneemobilfahren und Winterangeln.","robots":{"index":"index","follow":"follow","max-snippet":"max-snippet:-1","max-image-preview":"max-image-preview:large","max-video-preview":"max-video-preview:-1"},"canonical":"https:\/\/husetihassela.se\/de\/ferienhaus-vermietung-im-winter\/","og_locale":"de_DE","og_type":"article","og_title":"Winter-Ferienh\u00e4user -","og_description":"Mieten Sie ein neu gebautes, frisches und leicht luxuri\u00f6ses Ferienhaus mit Whirlpool. Hier haben wir im Winter normalerweise viel Schnee. Schneemobilfahren und Winterangeln.","og_url":"https:\/\/husetihassela.se\/de\/ferienhaus-vermietung-im-winter\/","article_modified_time":"2025-04-02T17:22:04+00:00","og_image":[{"width":1000,"height":600,"url":"https:\/\/husetihassela.se\/wp-content\/uploads\/semesterhus-vintermorgon.jpg","type":"image\/jpeg"}],"twitter_card":"summary_large_image","twitter_misc":{"Gesch\u00e4tzte Lesezeit":"2\u00a0Minuten"},"schema":{"@context":"https:\/\/schema.org","@graph":[{"@type":"WebPage","@id":"https:\/\/husetihassela.se\/de\/ferienhaus-vermietung-im-winter\/","url":"https:\/\/husetihassela.se\/de\/ferienhaus-vermietung-im-winter\/","name":"Winter-Ferienh\u00e4user -","isPartOf":{"@id":"https:\/\/husetihassela.se\/#website"},"primaryImageOfPage":{"@id":"https:\/\/husetihassela.se\/de\/ferienhaus-vermietung-im-winter\/#primaryimage"},"image":{"@id":"https:\/\/husetihassela.se\/de\/ferienhaus-vermietung-im-winter\/#primaryimage"},"thumbnailUrl":"https:\/\/husetihassela.se\/wp-content\/uploads\/semesterhus-vintermorgon.jpg","datePublished":"2024-03-27T09:33:19+00:00","dateModified":"2025-04-02T17:22:04+00:00","description":"Mieten Sie ein neu gebautes, frisches und leicht luxuri\u00f6ses Ferienhaus mit Whirlpool. Hier haben wir im Winter normalerweise viel Schnee. Schneemobilfahren und Winterangeln.","breadcrumb":{"@id":"https:\/\/husetihassela.se\/de\/ferienhaus-vermietung-im-winter\/#breadcrumb"},"inLanguage":"de","potentialAction":[{"@type":"ReadAction","target":["https:\/\/husetihassela.se\/de\/ferienhaus-vermietung-im-winter\/"]}]},{"@type":"ImageObject","inLanguage":"de","@id":"https:\/\/husetihassela.se\/de\/ferienhaus-vermietung-im-winter\/#primaryimage","url":"https:\/\/husetihassela.se\/wp-content\/uploads\/semesterhus-vintermorgon.jpg","contentUrl":"https:\/\/husetihassela.se\/wp-content\/uploads\/semesterhus-vintermorgon.jpg","width":1000,"height":600},{"@type":"BreadcrumbList","@id":"https:\/\/husetihassela.se\/de\/ferienhaus-vermietung-im-winter\/#breadcrumb","itemListElement":[{"@type":"ListItem","position":1,"name":"Hem","item":"https:\/\/husetihassela.se\/de\/"},{"@type":"ListItem","position":2,"name":"Winter-Ferienh\u00e4user"}]},{"@type":"WebSite","@id":"https:\/\/husetihassela.se\/#website","url":"https:\/\/husetihassela.se\/","name":"","description":"","potentialAction":[{"@type":"SearchAction","target":{"@type":"EntryPoint","urlTemplate":"https:\/\/husetihassela.se\/?s={search_term_string}"},"query-input":{"@type":"PropertyValueSpecification","valueRequired":true,"valueName":"search_term_string"}}],"inLanguage":"de"}]}},"_links":{"self":[{"href":"https:\/\/husetihassela.se\/de\/wp-json\/wp\/v2\/pages\/2355","targetHints":{"allow":["GET"]}}],"collection":[{"href":"https:\/\/husetihassela.se\/de\/wp-json\/wp\/v2\/pages"}],"about":[{"href":"https:\/\/husetihassela.se\/de\/wp-json\/wp\/v2\/types\/page"}],"author":[{"embeddable":true,"href":"https:\/\/husetihassela.se\/de\/wp-json\/wp\/v2\/users\/1"}],"replies":[{"embeddable":true,"href":"https:\/\/husetihassela.se\/de\/wp-json\/wp\/v2\/comments?post=2355"}],"version-history":[{"count":5,"href":"https:\/\/husetihassela.se\/de\/wp-json\/wp\/v2\/pages\/2355\/revisions"}],"predecessor-version":[{"id":2496,"href":"https:\/\/husetihassela.se\/de\/wp-json\/wp\/v2\/pages\/2355\/revisions\/2496"}],"wp:featuredmedia":[{"embeddable":true,"href":"https:\/\/husetihassela.se\/de\/wp-json\/wp\/v2\/media\/2359"}],"wp:attachment":[{"href":"https:\/\/husetihassela.se\/de\/wp-json\/wp\/v2\/media?parent=2355"}],"curies":[{"name":"wp","href":"https:\/\/api.w.org\/{rel}","templated":true}]}}