{"id":2345,"date":"2024-03-28T15:30:36","date_gmt":"2024-03-28T16:30:36","guid":{"rendered":"https:\/\/husetihassela.se\/haeuschen-zum-arbeiten-mieten\/"},"modified":"2025-04-01T11:38:03","modified_gmt":"2025-04-01T12:38:03","slug":"haeuschen-zum-arbeiten-mieten","status":"publish","type":"page","link":"https:\/\/husetihassela.se\/de\/haeuschen-zum-arbeiten-mieten\/","title":{"rendered":"Brauchst du Ruhe und Frieden zum Arbeiten?"},"content":{"rendered":"\n<p>Miete eine kleine H\u00fctte f\u00fcr Remote-Arbeit oder um dein Manuskript oder Buch fertigzustellen. Ruhig und still, mit Seeblick.<\/p>\n\n\n\n<p>Schnelles WLAN mit 242 Mbit\/s. H\u00f6henverstellbarer Schreibtisch, ergonomischer Stuhl. Mach eine Pause auf der Terrasse und genie\u00dfe einen aromatischen Espresso aus der Jura-Kaffeemaschine. Gepflegter Whirlpool zur privaten Nutzung mit Blick auf den See.<\/p>\n\n\n\n<p><strong>Ruhe und Konzentration<\/strong><br><br>Hunde sind willkommen, und es gibt viele sch\u00f6ne Spazierwege. Du bist nicht v\u00f6llig abgeschieden \u2013 wir, Torbj\u00f6rn &amp; Mary Jane, wohnen im gro\u00dfen Haus nebenan.<\/p>\n\n\n\n<figure class=\"wp-block-image size-full\"><img loading=\"lazy\" decoding=\"async\" width=\"1000\" height=\"800\" src=\"https:\/\/husetihassela.se\/wp-content\/uploads\/hyr-stuga-distansarbete.jpg\" alt=\"Arbeitsplatz ruhig und still\" class=\"wp-image-2240\" srcset=\"https:\/\/husetihassela.se\/wp-content\/uploads\/hyr-stuga-distansarbete.jpg 1000w, https:\/\/husetihassela.se\/wp-content\/uploads\/hyr-stuga-distansarbete-300x240.jpg 300w, https:\/\/husetihassela.se\/wp-content\/uploads\/hyr-stuga-distansarbete-768x614.jpg 768w, https:\/\/husetihassela.se\/wp-content\/uploads\/hyr-stuga-distansarbete-600x480.jpg 600w\" sizes=\"auto, (max-width: 1000px) 100vw, 1000px\" \/><figcaption class=\"wp-element-caption\">Ergonomischer Arbeitsplatz mit schnellem WLAN und Seeblick<\/figcaption><\/figure>\n\n\n\n<figure class=\"wp-block-gallery has-nested-images columns-default is-cropped wp-block-gallery-1 is-layout-flex wp-block-gallery-is-layout-flex\">\n<figure class=\"wp-block-image size-large\"><img loading=\"lazy\" decoding=\"async\" width=\"600\" height=\"400\" data-id=\"2571\" src=\"https:\/\/husetihassela.se\/wp-content\/uploads\/Hyr-stuga-med-sjolage-Hasse.jpg\" alt=\"Arbetsro\" class=\"wp-image-2571\" srcset=\"https:\/\/husetihassela.se\/wp-content\/uploads\/Hyr-stuga-med-sjolage-Hasse.jpg 600w, https:\/\/husetihassela.se\/wp-content\/uploads\/Hyr-stuga-med-sjolage-Hasse-300x200.jpg 300w\" sizes=\"auto, (max-width: 600px) 100vw, 600px\" \/><\/figure>\n\n\n\n<figure class=\"wp-block-image size-large\"><img loading=\"lazy\" decoding=\"async\" width=\"600\" height=\"500\" data-id=\"2123\" src=\"https:\/\/husetihassela.se\/wp-content\/uploads\/tv-soffa-semesterhus.jpg\" alt=\"TV rum och utsikt fr\u00e5n arbetsplatsen\" class=\"wp-image-2123\" srcset=\"https:\/\/husetihassela.se\/wp-content\/uploads\/tv-soffa-semesterhus.jpg 600w, https:\/\/husetihassela.se\/wp-content\/uploads\/tv-soffa-semesterhus-300x250.jpg 300w\" sizes=\"auto, (max-width: 600px) 100vw, 600px\" \/><\/figure>\n<\/figure>\n\n\n\n<p>Voll ausgestattete K\u00fcche mit Geschirrsp\u00fcler und Jura-Kaffeemaschine<\/p>\n\n\n\n<figure class=\"wp-block-gallery has-nested-images columns-default is-cropped wp-block-gallery-2 is-layout-flex wp-block-gallery-is-layout-flex\">\n<figure class=\"wp-block-image size-large\"><img loading=\"lazy\" decoding=\"async\" width=\"600\" height=\"500\" data-id=\"2095\" src=\"https:\/\/husetihassela.se\/wp-content\/uploads\/semesterhuset-mellanplan-ki.jpg\" alt=\"Mieten Sie eine H\u00fctte f\u00fcr die Arbeit. Alternativer Arbeitsplatz mit Aussicht\" class=\"wp-image-2095\" srcset=\"https:\/\/husetihassela.se\/wp-content\/uploads\/semesterhuset-mellanplan-ki.jpg 600w, https:\/\/husetihassela.se\/wp-content\/uploads\/semesterhuset-mellanplan-ki-300x250.jpg 300w\" sizes=\"auto, (max-width: 600px) 100vw, 600px\" \/><figcaption class=\"wp-element-caption\">Alternativer Arbeitsplatz<\/figcaption><\/figure>\n\n\n\n<figure class=\"wp-block-image size-large\"><img loading=\"lazy\" decoding=\"async\" width=\"600\" height=\"500\" data-id=\"2247\" src=\"https:\/\/husetihassela.se\/wp-content\/uploads\/bra-arbetsplats.jpg\" alt=\"Mieten Sie eine H\u00fctte f\u00fcr die Arbeit. Guter alternativer Arbeitsplatz mit Aussicht und in der N\u00e4he der Espressomaschine.\" class=\"wp-image-2247\" srcset=\"https:\/\/husetihassela.se\/wp-content\/uploads\/bra-arbetsplats.jpg 600w, https:\/\/husetihassela.se\/wp-content\/uploads\/bra-arbetsplats-300x250.jpg 300w\" sizes=\"auto, (max-width: 600px) 100vw, 600px\" \/><figcaption class=\"wp-element-caption\">Alternativer Arbeitsplatz<\/figcaption><\/figure>\n<\/figure>\n\n\n\n<p>Mit dem Auto brauchst du etwa 4 Stunden \u00fcber die E4 von Stockholm. Nach zwei Stunden bietet sich eine Kaffeepause in T\u00f6nnebro an..<\/p>\n\n\n\n<figure class=\"wp-block-gallery has-nested-images columns-default is-cropped wp-block-gallery-3 is-layout-flex wp-block-gallery-is-layout-flex\">\n<figure class=\"wp-block-image size-large\"><img loading=\"lazy\" decoding=\"async\" width=\"800\" height=\"600\" data-id=\"2242\" src=\"https:\/\/husetihassela.se\/wp-content\/uploads\/hyr-arbetsplats-utsikt.jpg\" alt=\"\" class=\"wp-image-2242\" srcset=\"https:\/\/husetihassela.se\/wp-content\/uploads\/hyr-arbetsplats-utsikt.jpg 800w, https:\/\/husetihassela.se\/wp-content\/uploads\/hyr-arbetsplats-utsikt-300x225.jpg 300w, https:\/\/husetihassela.se\/wp-content\/uploads\/hyr-arbetsplats-utsikt-768x576.jpg 768w, https:\/\/husetihassela.se\/wp-content\/uploads\/hyr-arbetsplats-utsikt-600x450.jpg 600w\" sizes=\"auto, (max-width: 800px) 100vw, 800px\" \/><\/figure>\n\n\n\n<figure class=\"wp-block-image size-full\"><img loading=\"lazy\" decoding=\"async\" width=\"600\" height=\"600\" data-id=\"1982\" src=\"https:\/\/husetihassela.se\/wp-content\/uploads\/sommar-i-sommarhuset.jpg\" alt=\"Stor altan\" class=\"wp-image-1982\" srcset=\"https:\/\/husetihassela.se\/wp-content\/uploads\/sommar-i-sommarhuset.jpg 600w, https:\/\/husetihassela.se\/wp-content\/uploads\/sommar-i-sommarhuset-300x300.jpg 300w, https:\/\/husetihassela.se\/wp-content\/uploads\/sommar-i-sommarhuset-150x150.jpg 150w\" sizes=\"auto, (max-width: 600px) 100vw, 600px\" \/><\/figure>\n\n\n\n<figure class=\"wp-block-image size-large\"><img loading=\"lazy\" decoding=\"async\" width=\"300\" height=\"225\" data-id=\"1845\" src=\"https:\/\/husetihassela.se\/wp-content\/uploads\/Jura.jpg\" alt=\"\" class=\"wp-image-1845\"\/><\/figure>\n\n\n\n<figure class=\"wp-block-image size-large\"><img loading=\"lazy\" decoding=\"async\" width=\"600\" height=\"400\" data-id=\"2571\" src=\"https:\/\/husetihassela.se\/wp-content\/uploads\/Hyr-stuga-med-sjolage-Hasse.jpg\" alt=\"Arbetsro\" class=\"wp-image-2571\" srcset=\"https:\/\/husetihassela.se\/wp-content\/uploads\/Hyr-stuga-med-sjolage-Hasse.jpg 600w, https:\/\/husetihassela.se\/wp-content\/uploads\/Hyr-stuga-med-sjolage-Hasse-300x200.jpg 300w\" sizes=\"auto, (max-width: 600px) 100vw, 600px\" \/><figcaption class=\"wp-element-caption\">Wir wohnen im rechten Teil des gro\u00dfen Hauses.<\/figcaption><\/figure>\n<\/figure>\n\n\n\n<p>Viele unserer deutschen G\u00e4ste nehmen einen g\u00fcnstigen Flug nach Stockholm\/Arlanda und mieten dort ein Auto. Die Fahrt von Arlanda zu uns dauert 3\u20134 Stunden auf gr\u00f6\u00dftenteils guten Stra\u00dfen, haupts\u00e4chlich der E4. Es ist auch m\u00f6glich, mit dem Zug von Arlanda nach Hudiksvall zu fahren und dann weiter zu uns zu gelangen. Falls das f\u00fcr Sie in Frage kommt, kontaktieren Sie uns gerne.<\/p>\n\n\n\n<p><a href=\"http:\/\/airbnb.se\/h\/husetihassela\" target=\"_blank\" rel=\"noreferrer noopener\">Lesen Sie mehr und buchen Sie das Haus hier!<\/a><br>Zur Sicherheit aller, buchen wir nur \u00fcber <a href=\"http:\/\/airbnb.se\/h\/husetihassela\" target=\"_blank\" rel=\"noreferrer noopener\"><img loading=\"lazy\" decoding=\"async\" width=\"90\" height=\"33\" class=\"wp-image-2024\" style=\"width: 90px;\" src=\"https:\/\/husetihassela.se\/wp-content\/uploads\/airbnb.jpg\" alt=\"Sicher buchen \u00fcber airbnb\"><\/a><\/p>\n\n\n\n<p>Du kannst uns \u00fcber Airbnb kontaktieren.<\/p>\n\n\n\n<figure class=\"wp-block-gallery has-nested-images columns-default is-cropped wp-block-gallery-4 is-layout-flex wp-block-gallery-is-layout-flex\">\n<figure class=\"wp-block-image size-full\"><img loading=\"lazy\" decoding=\"async\" width=\"400\" height=\"300\" data-id=\"2711\" src=\"https:\/\/husetihassela.se\/wp-content\/uploads\/Ferienhaus_1.jpg\" alt=\"Arbeitsfrieden in Schweden\" class=\"wp-image-2711\" srcset=\"https:\/\/husetihassela.se\/wp-content\/uploads\/Ferienhaus_1.jpg 400w, https:\/\/husetihassela.se\/wp-content\/uploads\/Ferienhaus_1-300x225.jpg 300w\" sizes=\"auto, (max-width: 400px) 100vw, 400px\" \/><\/figure>\n\n\n\n<figure class=\"wp-block-image size-large\"><img loading=\"lazy\" decoding=\"async\" width=\"1000\" height=\"750\" data-id=\"2222\" src=\"https:\/\/husetihassela.se\/wp-content\/uploads\/Semesterhus-kitchen-sverige.jpg\" alt=\"arbetsro i hus med sj\u00f6l\u00e4ge\" class=\"wp-image-2222\" srcset=\"https:\/\/husetihassela.se\/wp-content\/uploads\/Semesterhus-kitchen-sverige.jpg 1000w, https:\/\/husetihassela.se\/wp-content\/uploads\/Semesterhus-kitchen-sverige-300x225.jpg 300w, https:\/\/husetihassela.se\/wp-content\/uploads\/Semesterhus-kitchen-sverige-768x576.jpg 768w, https:\/\/husetihassela.se\/wp-content\/uploads\/Semesterhus-kitchen-sverige-600x450.jpg 600w\" sizes=\"auto, (max-width: 1000px) 100vw, 1000px\" \/><\/figure>\n\n\n\n<figure class=\"wp-block-image size-full\"><img loading=\"lazy\" decoding=\"async\" width=\"600\" height=\"500\" data-id=\"2118\" src=\"https:\/\/husetihassela.se\/wp-content\/uploads\/semesterhus-sovloft-2.jpg\" alt=\"H\u00e4r kan du arbete i lugn och ro och sova gott om n\u00e4tterna.\" class=\"wp-image-2118\" srcset=\"https:\/\/husetihassela.se\/wp-content\/uploads\/semesterhus-sovloft-2.jpg 600w, https:\/\/husetihassela.se\/wp-content\/uploads\/semesterhus-sovloft-2-300x250.jpg 300w\" sizes=\"auto, (max-width: 600px) 100vw, 600px\" \/><\/figure>\n<\/figure>\n\n\n\n<p><a href=\"https:\/\/husetihassela.se\/de\/ferienhaus-mit-schoenem-interieur\/\">Sehen Sie das gesamte Innere des Hauses, 3 Ebenen.<\/a><\/p>\n","protected":false},"excerpt":{"rendered":"<p>Miete eine kleine H\u00fctte f\u00fcr Remote-Arbeit oder um dein Manuskript oder Buch fertigzustellen. Ruhig und still, mit Seeblick. Schnelles WLAN mit 242 Mbit\/s. H\u00f6henverstellbarer Schreibtisch, ergonomischer Stuhl. Mach eine Pause auf der Terrasse und genie\u00dfe einen aromatischen Espresso aus der Jura-Kaffeemaschine. Gepflegter Whirlpool zur privaten Nutzung mit Blick auf den See. Ruhe und Konzentration Hunde&hellip; <a class=\"more-link\" href=\"https:\/\/husetihassela.se\/de\/haeuschen-zum-arbeiten-mieten\/\"><span class=\"screen-reader-text\">Brauchst du Ruhe und Frieden zum Arbeiten?<\/span> weiterlesen<\/a><\/p>\n","protected":false},"author":1,"featured_media":2714,"parent":0,"menu_order":5,"comment_status":"closed","ping_status":"closed","template":"","meta":{"_acf_changed":false,"two_page_speed":{"current_score":{"desktop_score":79,"desktop_tti":"0.4\u00a0","mobile_score":100,"mobile_tti":"1.8\u00a0","date":"01.04.2025 11:39:27 am","status":"completed"}},"footnotes":""},"class_list":["post-2345","page","type-page","status-publish","has-post-thumbnail","hentry","entry"],"acf":[],"yoast_head":"<!-- This site is optimized with the Yoast SEO plugin v27.5 - https:\/\/yoast.com\/product\/yoast-seo-wordpress\/ -->\n<title>Brauchst du Ruhe und Frieden zum Arbeiten? -<\/title>\n<meta name=\"description\" content=\"Mieten Sie ein ruhiges Ferienhaus, um aus der Ferne zu arbeiten oder Ihr Manuskript oder Buch fertigzustellen. Guter Arbeitsplatz mit Blick aufs Meer. Schnelles WiFi mit 242 Mbit\/s.\" \/>\n<meta name=\"robots\" content=\"index, follow, max-snippet:-1, max-image-preview:large, max-video-preview:-1\" \/>\n<link rel=\"canonical\" href=\"https:\/\/husetihassela.se\/de\/haeuschen-zum-arbeiten-mieten\/\" \/>\n<meta property=\"og:locale\" content=\"de_DE\" \/>\n<meta property=\"og:type\" content=\"article\" \/>\n<meta property=\"og:title\" content=\"Brauchst du Ruhe und Frieden zum Arbeiten? -\" \/>\n<meta property=\"og:description\" content=\"Mieten Sie ein ruhiges Ferienhaus, um aus der Ferne zu arbeiten oder Ihr Manuskript oder Buch fertigzustellen. Guter Arbeitsplatz mit Blick aufs Meer. Schnelles WiFi mit 242 Mbit\/s.\" \/>\n<meta property=\"og:url\" content=\"https:\/\/husetihassela.se\/de\/haeuschen-zum-arbeiten-mieten\/\" \/>\n<meta property=\"article:modified_time\" content=\"2025-04-01T12:38:03+00:00\" \/>\n<meta property=\"og:image\" content=\"https:\/\/husetihassela.se\/wp-content\/uploads\/Ferienhaus_1.jpg\" \/>\n\t<meta property=\"og:image:width\" content=\"400\" \/>\n\t<meta property=\"og:image:height\" content=\"300\" \/>\n\t<meta property=\"og:image:type\" content=\"image\/jpeg\" \/>\n<meta name=\"twitter:card\" content=\"summary_large_image\" \/>\n<meta name=\"twitter:label1\" content=\"Gesch\u00e4tzte Lesezeit\" \/>\n\t<meta name=\"twitter:data1\" content=\"4\u00a0Minuten\" \/>\n<script type=\"application\/ld+json\" class=\"yoast-schema-graph\">{\"@context\":\"https:\\\/\\\/schema.org\",\"@graph\":[{\"@type\":\"WebPage\",\"@id\":\"https:\\\/\\\/husetihassela.se\\\/de\\\/haeuschen-zum-arbeiten-mieten\\\/\",\"url\":\"https:\\\/\\\/husetihassela.se\\\/de\\\/haeuschen-zum-arbeiten-mieten\\\/\",\"name\":\"Brauchst du Ruhe und Frieden zum Arbeiten? -\",\"isPartOf\":{\"@id\":\"https:\\\/\\\/husetihassela.se\\\/#website\"},\"primaryImageOfPage\":{\"@id\":\"https:\\\/\\\/husetihassela.se\\\/de\\\/haeuschen-zum-arbeiten-mieten\\\/#primaryimage\"},\"image\":{\"@id\":\"https:\\\/\\\/husetihassela.se\\\/de\\\/haeuschen-zum-arbeiten-mieten\\\/#primaryimage\"},\"thumbnailUrl\":\"https:\\\/\\\/husetihassela.se\\\/wp-content\\\/uploads\\\/Ferienhaus_1.jpg\",\"datePublished\":\"2024-03-28T16:30:36+00:00\",\"dateModified\":\"2025-04-01T12:38:03+00:00\",\"description\":\"Mieten Sie ein ruhiges Ferienhaus, um aus der Ferne zu arbeiten oder Ihr Manuskript oder Buch fertigzustellen. Guter Arbeitsplatz mit Blick aufs Meer. Schnelles WiFi mit 242 Mbit\\\/s.\",\"breadcrumb\":{\"@id\":\"https:\\\/\\\/husetihassela.se\\\/de\\\/haeuschen-zum-arbeiten-mieten\\\/#breadcrumb\"},\"inLanguage\":\"de\",\"potentialAction\":[{\"@type\":\"ReadAction\",\"target\":[\"https:\\\/\\\/husetihassela.se\\\/de\\\/haeuschen-zum-arbeiten-mieten\\\/\"]}]},{\"@type\":\"ImageObject\",\"inLanguage\":\"de\",\"@id\":\"https:\\\/\\\/husetihassela.se\\\/de\\\/haeuschen-zum-arbeiten-mieten\\\/#primaryimage\",\"url\":\"https:\\\/\\\/husetihassela.se\\\/wp-content\\\/uploads\\\/Ferienhaus_1.jpg\",\"contentUrl\":\"https:\\\/\\\/husetihassela.se\\\/wp-content\\\/uploads\\\/Ferienhaus_1.jpg\",\"width\":400,\"height\":300,\"caption\":\"Brauchst du Ruhe und Frieden zum Arbeiten?\"},{\"@type\":\"BreadcrumbList\",\"@id\":\"https:\\\/\\\/husetihassela.se\\\/de\\\/haeuschen-zum-arbeiten-mieten\\\/#breadcrumb\",\"itemListElement\":[{\"@type\":\"ListItem\",\"position\":1,\"name\":\"Hem\",\"item\":\"https:\\\/\\\/husetihassela.se\\\/de\\\/\"},{\"@type\":\"ListItem\",\"position\":2,\"name\":\"Brauchst du Ruhe und Frieden zum Arbeiten?\"}]},{\"@type\":\"WebSite\",\"@id\":\"https:\\\/\\\/husetihassela.se\\\/#website\",\"url\":\"https:\\\/\\\/husetihassela.se\\\/\",\"name\":\"\",\"description\":\"\",\"potentialAction\":[{\"@type\":\"SearchAction\",\"target\":{\"@type\":\"EntryPoint\",\"urlTemplate\":\"https:\\\/\\\/husetihassela.se\\\/?s={search_term_string}\"},\"query-input\":{\"@type\":\"PropertyValueSpecification\",\"valueRequired\":true,\"valueName\":\"search_term_string\"}}],\"inLanguage\":\"de\"}]}<\/script>\n<!-- \/ Yoast SEO plugin. -->","yoast_head_json":{"title":"Brauchst du Ruhe und Frieden zum Arbeiten? -","description":"Mieten Sie ein ruhiges Ferienhaus, um aus der Ferne zu arbeiten oder Ihr Manuskript oder Buch fertigzustellen. Guter Arbeitsplatz mit Blick aufs Meer. Schnelles WiFi mit 242 Mbit\/s.","robots":{"index":"index","follow":"follow","max-snippet":"max-snippet:-1","max-image-preview":"max-image-preview:large","max-video-preview":"max-video-preview:-1"},"canonical":"https:\/\/husetihassela.se\/de\/haeuschen-zum-arbeiten-mieten\/","og_locale":"de_DE","og_type":"article","og_title":"Brauchst du Ruhe und Frieden zum Arbeiten? -","og_description":"Mieten Sie ein ruhiges Ferienhaus, um aus der Ferne zu arbeiten oder Ihr Manuskript oder Buch fertigzustellen. Guter Arbeitsplatz mit Blick aufs Meer. Schnelles WiFi mit 242 Mbit\/s.","og_url":"https:\/\/husetihassela.se\/de\/haeuschen-zum-arbeiten-mieten\/","article_modified_time":"2025-04-01T12:38:03+00:00","og_image":[{"width":400,"height":300,"url":"https:\/\/husetihassela.se\/wp-content\/uploads\/Ferienhaus_1.jpg","type":"image\/jpeg"}],"twitter_card":"summary_large_image","twitter_misc":{"Gesch\u00e4tzte Lesezeit":"4\u00a0Minuten"},"schema":{"@context":"https:\/\/schema.org","@graph":[{"@type":"WebPage","@id":"https:\/\/husetihassela.se\/de\/haeuschen-zum-arbeiten-mieten\/","url":"https:\/\/husetihassela.se\/de\/haeuschen-zum-arbeiten-mieten\/","name":"Brauchst du Ruhe und Frieden zum Arbeiten? -","isPartOf":{"@id":"https:\/\/husetihassela.se\/#website"},"primaryImageOfPage":{"@id":"https:\/\/husetihassela.se\/de\/haeuschen-zum-arbeiten-mieten\/#primaryimage"},"image":{"@id":"https:\/\/husetihassela.se\/de\/haeuschen-zum-arbeiten-mieten\/#primaryimage"},"thumbnailUrl":"https:\/\/husetihassela.se\/wp-content\/uploads\/Ferienhaus_1.jpg","datePublished":"2024-03-28T16:30:36+00:00","dateModified":"2025-04-01T12:38:03+00:00","description":"Mieten Sie ein ruhiges Ferienhaus, um aus der Ferne zu arbeiten oder Ihr Manuskript oder Buch fertigzustellen. Guter Arbeitsplatz mit Blick aufs Meer. Schnelles WiFi mit 242 Mbit\/s.","breadcrumb":{"@id":"https:\/\/husetihassela.se\/de\/haeuschen-zum-arbeiten-mieten\/#breadcrumb"},"inLanguage":"de","potentialAction":[{"@type":"ReadAction","target":["https:\/\/husetihassela.se\/de\/haeuschen-zum-arbeiten-mieten\/"]}]},{"@type":"ImageObject","inLanguage":"de","@id":"https:\/\/husetihassela.se\/de\/haeuschen-zum-arbeiten-mieten\/#primaryimage","url":"https:\/\/husetihassela.se\/wp-content\/uploads\/Ferienhaus_1.jpg","contentUrl":"https:\/\/husetihassela.se\/wp-content\/uploads\/Ferienhaus_1.jpg","width":400,"height":300,"caption":"Brauchst du Ruhe und Frieden zum Arbeiten?"},{"@type":"BreadcrumbList","@id":"https:\/\/husetihassela.se\/de\/haeuschen-zum-arbeiten-mieten\/#breadcrumb","itemListElement":[{"@type":"ListItem","position":1,"name":"Hem","item":"https:\/\/husetihassela.se\/de\/"},{"@type":"ListItem","position":2,"name":"Brauchst du Ruhe und Frieden zum Arbeiten?"}]},{"@type":"WebSite","@id":"https:\/\/husetihassela.se\/#website","url":"https:\/\/husetihassela.se\/","name":"","description":"","potentialAction":[{"@type":"SearchAction","target":{"@type":"EntryPoint","urlTemplate":"https:\/\/husetihassela.se\/?s={search_term_string}"},"query-input":{"@type":"PropertyValueSpecification","valueRequired":true,"valueName":"search_term_string"}}],"inLanguage":"de"}]}},"_links":{"self":[{"href":"https:\/\/husetihassela.se\/de\/wp-json\/wp\/v2\/pages\/2345","targetHints":{"allow":["GET"]}}],"collection":[{"href":"https:\/\/husetihassela.se\/de\/wp-json\/wp\/v2\/pages"}],"about":[{"href":"https:\/\/husetihassela.se\/de\/wp-json\/wp\/v2\/types\/page"}],"author":[{"embeddable":true,"href":"https:\/\/husetihassela.se\/de\/wp-json\/wp\/v2\/users\/1"}],"replies":[{"embeddable":true,"href":"https:\/\/husetihassela.se\/de\/wp-json\/wp\/v2\/comments?post=2345"}],"version-history":[{"count":13,"href":"https:\/\/husetihassela.se\/de\/wp-json\/wp\/v2\/pages\/2345\/revisions"}],"predecessor-version":[{"id":2726,"href":"https:\/\/husetihassela.se\/de\/wp-json\/wp\/v2\/pages\/2345\/revisions\/2726"}],"wp:featuredmedia":[{"embeddable":true,"href":"https:\/\/husetihassela.se\/de\/wp-json\/wp\/v2\/media\/2714"}],"wp:attachment":[{"href":"https:\/\/husetihassela.se\/de\/wp-json\/wp\/v2\/media?parent=2345"}],"curies":[{"name":"wp","href":"https:\/\/api.w.org\/{rel}","templated":true}]}}