{"id":2308,"date":"2024-03-28T11:45:07","date_gmt":"2024-03-28T12:45:07","guid":{"rendered":"https:\/\/husetihassela.se\/ferienhaus-mit-schoenem-interieur\/"},"modified":"2025-04-04T05:03:25","modified_gmt":"2025-04-04T06:03:25","slug":"ferienhaus-mit-schoenem-interieur","status":"publish","type":"page","link":"https:\/\/husetihassela.se\/de\/ferienhaus-mit-schoenem-interieur\/","title":{"rendered":"Ferienhaus innen"},"content":{"rendered":"\n<p>Hier sehen Sie Bilder von der Innenausstattung des Ferienhauses. Drei Etagen mit offener Raumaufteilung und herrlichem Balkon am Wasser. Beachten Sie, dass das Haus auf allen Ebenen offen gestaltet ist, was die Privatsph\u00e4re ein wenig einschr\u00e4nkt.<\/p>\n\n<h2 class=\"wp-block-heading\">Mittlere Etage des Ferienhauses<\/h2>\n\n<figure class=\"wp-block-image size-full\"><img loading=\"lazy\" decoding=\"async\" width=\"1000\" height=\"600\" src=\"https:\/\/husetihassela.se\/wp-content\/uploads\/matplats-huset-i-hassela-1.jpg\" alt=\"Essbereich mit Aussicht\" class=\"wp-image-2093\" srcset=\"https:\/\/husetihassela.se\/wp-content\/uploads\/matplats-huset-i-hassela-1.jpg 1000w, https:\/\/husetihassela.se\/wp-content\/uploads\/matplats-huset-i-hassela-1-300x180.jpg 300w, https:\/\/husetihassela.se\/wp-content\/uploads\/matplats-huset-i-hassela-1-768x461.jpg 768w, https:\/\/husetihassela.se\/wp-content\/uploads\/matplats-huset-i-hassela-1-600x360.jpg 600w\" sizes=\"auto, (max-width: 1000px) 100vw, 1000px\" \/><\/figure>\n\n<figure class=\"wp-block-image size-full\"><img loading=\"lazy\" decoding=\"async\" width=\"600\" height=\"700\" src=\"https:\/\/husetihassela.se\/wp-content\/uploads\/Kamin-im-Ferienhaus-mit-See.jpg\" alt=\"Kamin im Ferienhaus mit Seeblick\" class=\"wp-image-2094\" srcset=\"https:\/\/husetihassela.se\/wp-content\/uploads\/Kamin-im-Ferienhaus-mit-See.jpg 600w, https:\/\/husetihassela.se\/wp-content\/uploads\/Kamin-im-Ferienhaus-mit-See-257x300.jpg 257w, https:\/\/husetihassela.se\/wp-content\/uploads\/Kamin-im-Ferienhaus-mit-See-514x600.jpg 514w\" sizes=\"auto, (max-width: 600px) 100vw, 600px\" \/><\/figure>\n\n<figure class=\"wp-block-image size-full is-resized\"><img loading=\"lazy\" decoding=\"async\" width=\"600\" height=\"500\" src=\"https:\/\/husetihassela.se\/wp-content\/uploads\/semesterhuset-mellanplan-ki.jpg\" alt=\"K&#xFC;chenbank im Ferienhaus mit Seeblick\" class=\"wp-image-2095\" style=\"width:610px;height:auto\" srcset=\"https:\/\/husetihassela.se\/wp-content\/uploads\/semesterhuset-mellanplan-ki.jpg 600w, https:\/\/husetihassela.se\/wp-content\/uploads\/semesterhuset-mellanplan-ki-300x250.jpg 300w\" sizes=\"auto, (max-width: 600px) 100vw, 600px\" \/><\/figure>\n\n<figure class=\"wp-block-gallery has-nested-images columns-default is-cropped wp-block-gallery-1 is-layout-flex wp-block-gallery-is-layout-flex\">\n<figure class=\"wp-block-image size-large\"><img loading=\"lazy\" decoding=\"async\" width=\"300\" height=\"225\" data-id=\"1843\" src=\"https:\/\/husetihassela.se\/wp-content\/uploads\/koksdel.jpg\" alt=\"\" class=\"wp-image-1843\"\/><\/figure>\n\n\n\n<figure class=\"wp-block-image size-large\"><img loading=\"lazy\" decoding=\"async\" width=\"300\" height=\"225\" data-id=\"1845\" src=\"https:\/\/husetihassela.se\/wp-content\/uploads\/Jura.jpg\" alt=\"\" class=\"wp-image-1845\"\/><\/figure>\n<\/figure>\n\n<figure class=\"wp-block-image size-full\"><img loading=\"lazy\" decoding=\"async\" width=\"600\" height=\"800\" src=\"https:\/\/husetihassela.se\/wp-content\/uploads\/dusch-i-semesterhuse.jpg\" alt=\"Dusche im Ferienhaus&#10;\" class=\"wp-image-2096\" srcset=\"https:\/\/husetihassela.se\/wp-content\/uploads\/dusch-i-semesterhuse.jpg 600w, https:\/\/husetihassela.se\/wp-content\/uploads\/dusch-i-semesterhuse-225x300.jpg 225w, https:\/\/husetihassela.se\/wp-content\/uploads\/dusch-i-semesterhuse-450x600.jpg 450w\" sizes=\"auto, (max-width: 600px) 100vw, 600px\" \/><\/figure>\n\n<figure class=\"wp-block-image size-full\"><img loading=\"lazy\" decoding=\"async\" width=\"600\" height=\"500\" src=\"https:\/\/husetihassela.se\/wp-content\/uploads\/semesterhus-trappa.jpg\" alt=\"ferienhaus am see treppe zum schlafboden \" class=\"wp-image-2116\" srcset=\"https:\/\/husetihassela.se\/wp-content\/uploads\/semesterhus-trappa.jpg 600w, https:\/\/husetihassela.se\/wp-content\/uploads\/semesterhus-trappa-300x250.jpg 300w\" sizes=\"auto, (max-width: 600px) 100vw, 600px\" \/><\/figure>\n\n<figure class=\"wp-block-gallery has-nested-images columns-default is-cropped wp-block-gallery-2 is-layout-flex wp-block-gallery-is-layout-flex\">\n<figure class=\"wp-block-image size-large\"><img loading=\"lazy\" decoding=\"async\" width=\"500\" height=\"600\" data-id=\"2098\" src=\"https:\/\/husetihassela.se\/wp-content\/uploads\/semesterhuset-har-en-fantastisk-balkong-mot-vattnet.jpg\" alt=\"Das Ferienhaus hat einen fantastischen Balkon mit Blick auf das Wasser.\" class=\"wp-image-2098\" srcset=\"https:\/\/husetihassela.se\/wp-content\/uploads\/semesterhuset-har-en-fantastisk-balkong-mot-vattnet.jpg 500w, https:\/\/husetihassela.se\/wp-content\/uploads\/semesterhuset-har-en-fantastisk-balkong-mot-vattnet-250x300.jpg 250w\" sizes=\"auto, (max-width: 500px) 100vw, 500px\" \/><\/figure>\n\n\n\n<figure class=\"wp-block-image size-large\"><img loading=\"lazy\" decoding=\"async\" width=\"600\" height=\"600\" data-id=\"1982\" src=\"https:\/\/husetihassela.se\/wp-content\/uploads\/sommar-i-sommarhuset.jpg\" alt=\"Mittsommer im Sommerhaus am See\" class=\"wp-image-1982\" srcset=\"https:\/\/husetihassela.se\/wp-content\/uploads\/sommar-i-sommarhuset.jpg 600w, https:\/\/husetihassela.se\/wp-content\/uploads\/sommar-i-sommarhuset-300x300.jpg 300w, https:\/\/husetihassela.se\/wp-content\/uploads\/sommar-i-sommarhuset-150x150.jpg 150w\" sizes=\"auto, (max-width: 600px) 100vw, 600px\" \/><\/figure>\n<\/figure>\n\n<h2 class=\"wp-block-heading\">Loft des Schlafsaals<\/h2>\n\n<figure class=\"wp-block-image size-full is-resized\"><img loading=\"lazy\" decoding=\"async\" width=\"600\" height=\"500\" src=\"https:\/\/husetihassela.se\/wp-content\/uploads\/semesterhus-sovloft-1.jpg\" alt=\"Ferienhaus am See mit Schlafboden\" class=\"wp-image-2117\" style=\"width:610px;height:auto\" srcset=\"https:\/\/husetihassela.se\/wp-content\/uploads\/semesterhus-sovloft-1.jpg 600w, https:\/\/husetihassela.se\/wp-content\/uploads\/semesterhus-sovloft-1-300x250.jpg 300w\" sizes=\"auto, (max-width: 600px) 100vw, 600px\" \/><\/figure>\n\n<figure class=\"wp-block-gallery has-nested-images columns-default is-cropped wp-block-gallery-3 is-layout-flex wp-block-gallery-is-layout-flex\">\n<figure class=\"wp-block-image size-large\"><img loading=\"lazy\" decoding=\"async\" width=\"600\" height=\"500\" data-id=\"2118\" src=\"https:\/\/husetihassela.se\/wp-content\/uploads\/semesterhus-sovloft-2.jpg\" alt=\"\" class=\"wp-image-2118\" srcset=\"https:\/\/husetihassela.se\/wp-content\/uploads\/semesterhus-sovloft-2.jpg 600w, https:\/\/husetihassela.se\/wp-content\/uploads\/semesterhus-sovloft-2-300x250.jpg 300w\" sizes=\"auto, (max-width: 600px) 100vw, 600px\" \/><\/figure>\n\n\n\n<figure class=\"wp-block-image size-large\"><img loading=\"lazy\" decoding=\"async\" width=\"600\" height=\"500\" data-id=\"2119\" src=\"https:\/\/husetihassela.se\/wp-content\/uploads\/semesterhus-sovloft-3.jpg\" alt=\"Sovloftet Ferienhaus am See\" class=\"wp-image-2119\" srcset=\"https:\/\/husetihassela.se\/wp-content\/uploads\/semesterhus-sovloft-3.jpg 600w, https:\/\/husetihassela.se\/wp-content\/uploads\/semesterhus-sovloft-3-300x250.jpg 300w\" sizes=\"auto, (max-width: 600px) 100vw, 600px\" \/><\/figure>\n<\/figure>\n\n<h2 class=\"wp-block-heading\">Umschlie\u00dfende Ebene<\/h2>\n\n<figure class=\"wp-block-image size-full\"><img loading=\"lazy\" decoding=\"async\" width=\"600\" height=\"500\" src=\"https:\/\/husetihassela.se\/wp-content\/uploads\/semesterhus-tvrum-och-arbet.jpg\" alt=\"\" class=\"wp-image-2125\" srcset=\"https:\/\/husetihassela.se\/wp-content\/uploads\/semesterhus-tvrum-och-arbet.jpg 600w, https:\/\/husetihassela.se\/wp-content\/uploads\/semesterhus-tvrum-och-arbet-300x250.jpg 300w\" sizes=\"auto, (max-width: 600px) 100vw, 600px\" \/><\/figure>\n\n<figure class=\"wp-block-image size-full\"><img loading=\"lazy\" decoding=\"async\" width=\"600\" height=\"500\" src=\"https:\/\/husetihassela.se\/wp-content\/uploads\/tv-soffa-semesterhus.jpg\" alt=\"TV-Bank-Ferienhaus\" class=\"wp-image-2123\" srcset=\"https:\/\/husetihassela.se\/wp-content\/uploads\/tv-soffa-semesterhus.jpg 600w, https:\/\/husetihassela.se\/wp-content\/uploads\/tv-soffa-semesterhus-300x250.jpg 300w\" sizes=\"auto, (max-width: 600px) 100vw, 600px\" \/><\/figure>\n\n<figure class=\"wp-block-image size-full\"><img loading=\"lazy\" decoding=\"async\" width=\"600\" height=\"500\" src=\"https:\/\/husetihassela.se\/wp-content\/uploads\/tv-kanaler-i-semesterhuset.jpg\" alt=\"TV-Bank-Ferienhaus\" class=\"wp-image-2124\" srcset=\"https:\/\/husetihassela.se\/wp-content\/uploads\/tv-kanaler-i-semesterhuset.jpg 600w, https:\/\/husetihassela.se\/wp-content\/uploads\/tv-kanaler-i-semesterhuset-300x250.jpg 300w\" sizes=\"auto, (max-width: 600px) 100vw, 600px\" \/><\/figure>\n\n<figure class=\"wp-block-image size-full\"><img loading=\"lazy\" decoding=\"async\" width=\"600\" height=\"500\" src=\"https:\/\/husetihassela.se\/wp-content\/uploads\/semesterhu-tv-rum.jpg\" alt=\"eigener Arbeitsplatz in der Ferienwohnung\" class=\"wp-image-2126\" srcset=\"https:\/\/husetihassela.se\/wp-content\/uploads\/semesterhu-tv-rum.jpg 600w, https:\/\/husetihassela.se\/wp-content\/uploads\/semesterhu-tv-rum-300x250.jpg 300w\" sizes=\"auto, (max-width: 600px) 100vw, 600px\" \/><\/figure>\n\n<h2 class=\"wp-block-heading\"><\/h2>\n\n<p class=\"has-text-align-left\"><a href=\"http:\/\/airbnb.se\/h\/husetihassela\" target=\"_blank\" rel=\"noreferrer noopener\">Lesen Sie mehr und buchen Sie das Haus hier!<\/a><br\/>Zur Sicherheit aller, buchen wir nur \u00fcber <a href=\"http:\/\/airbnb.se\/h\/husetihassela\" target=\"_blank\" rel=\"noreferrer noopener\"><img loading=\"lazy\" decoding=\"async\" width=\"100\" height=\"37\" class=\"wp-image-2024\" style=\"width: 100px;\" src=\"https:\/\/husetihassela.se\/wp-content\/uploads\/airbnb.jpg\" alt=\"Sicher buchen &#xFC;ber airbnb\"\/><\/a><\/p>\n\n<p class=\"has-text-align-left\"><a href=\"https:\/\/www.google.com\/maps\/place\/829+98+Hassela\/@60.968749,10.0753164,5.75z\/data=!4m6!3m5!1s0x466430abefdf9921:0x4b190cd67d025b35!8m2!3d62.111113!4d16.7220909!16s%2Fm%2F05zztjz?entry=ttu\" target=\"_blank\" rel=\"noreferrer noopener\">Hier befindet sich Hassela &#8211; siehe Karte.<\/a>  <\/p>\n\n<figure class=\"wp-block-embed is-type-rich is-provider-inb-ddningshanterare wp-block-embed-inb-ddningshanterare wp-embed-aspect-16-9 wp-has-aspect-ratio\"><div class=\"wp-block-embed__wrapper\">\n<iframe loading=\"lazy\" title=\"V\u00e4lkommen till Huset i Hassela 1\" width=\"750\" height=\"422\" src=\"https:\/\/www.youtube.com\/embed\/wRy-xkhlRLU?feature=oembed\" frameborder=\"0\" allow=\"accelerometer; autoplay; clipboard-write; encrypted-media; gyroscope; picture-in-picture; web-share\" referrerpolicy=\"strict-origin-when-cross-origin\" allowfullscreen><\/iframe>\n<\/div><\/figure>\n","protected":false},"excerpt":{"rendered":"<p>Hier sehen Sie Bilder von der Innenausstattung des Ferienhauses. Drei Etagen mit offener Raumaufteilung und herrlichem Balkon am Wasser. Beachten Sie, dass das Haus auf allen Ebenen offen gestaltet ist, was die Privatsph\u00e4re ein wenig einschr\u00e4nkt. Mittlere Etage des Ferienhauses Loft des Schlafsaals Umschlie\u00dfende Ebene Lesen Sie mehr und buchen Sie das Haus hier!Zur Sicherheit&hellip; <a class=\"more-link\" href=\"https:\/\/husetihassela.se\/de\/ferienhaus-mit-schoenem-interieur\/\"><span class=\"screen-reader-text\">Ferienhaus innen<\/span> weiterlesen<\/a><\/p>\n","protected":false},"author":1,"featured_media":2311,"parent":0,"menu_order":4,"comment_status":"closed","ping_status":"closed","template":"","meta":{"_acf_changed":false,"two_page_speed":{"current_score":{"desktop_score":100,"desktop_tti":"0.5\u00a0","mobile_score":100,"mobile_tti":"1.5\u00a0","date":"08.09.2024 06:15:03 am","status":"error_no_score"}},"footnotes":""},"class_list":["post-2308","page","type-page","status-publish","has-post-thumbnail","hentry","entry"],"acf":[],"yoast_head":"<!-- This site is optimized with the Yoast SEO plugin v27.4 - https:\/\/yoast.com\/product\/yoast-seo-wordpress\/ -->\n<title>Ferienhaus innen -<\/title>\n<meta name=\"description\" content=\"Hier sehen Sie Bilder vom Inneren des Ferienhauses. Drei Etagen mit offener Raumaufteilung und herrlichem Balkon am Wasser.\" \/>\n<meta name=\"robots\" content=\"index, follow, max-snippet:-1, max-image-preview:large, max-video-preview:-1\" \/>\n<link rel=\"canonical\" href=\"https:\/\/husetihassela.se\/de\/ferienhaus-mit-schoenem-interieur\/\" \/>\n<meta property=\"og:locale\" content=\"de_DE\" \/>\n<meta property=\"og:type\" content=\"article\" \/>\n<meta property=\"og:title\" content=\"Ferienhaus innen -\" \/>\n<meta property=\"og:description\" content=\"Hier sehen Sie Bilder vom Inneren des Ferienhauses. Drei Etagen mit offener Raumaufteilung und herrlichem Balkon am Wasser.\" \/>\n<meta property=\"og:url\" content=\"https:\/\/husetihassela.se\/de\/ferienhaus-mit-schoenem-interieur\/\" \/>\n<meta property=\"article:modified_time\" content=\"2025-04-04T06:03:25+00:00\" \/>\n<meta property=\"og:image\" content=\"https:\/\/husetihassela.se\/wp-content\/uploads\/Semesterhus-kitchen-sverige.jpg\" \/>\n\t<meta property=\"og:image:width\" content=\"1000\" \/>\n\t<meta property=\"og:image:height\" content=\"750\" \/>\n\t<meta property=\"og:image:type\" content=\"image\/jpeg\" \/>\n<meta name=\"twitter:card\" content=\"summary_large_image\" \/>\n<meta name=\"twitter:label1\" content=\"Gesch\u00e4tzte Lesezeit\" \/>\n\t<meta name=\"twitter:data1\" content=\"5\u00a0Minuten\" \/>\n<script type=\"application\/ld+json\" class=\"yoast-schema-graph\">{\"@context\":\"https:\\\/\\\/schema.org\",\"@graph\":[{\"@type\":\"WebPage\",\"@id\":\"https:\\\/\\\/husetihassela.se\\\/de\\\/ferienhaus-mit-schoenem-interieur\\\/\",\"url\":\"https:\\\/\\\/husetihassela.se\\\/de\\\/ferienhaus-mit-schoenem-interieur\\\/\",\"name\":\"Ferienhaus innen -\",\"isPartOf\":{\"@id\":\"https:\\\/\\\/husetihassela.se\\\/#website\"},\"primaryImageOfPage\":{\"@id\":\"https:\\\/\\\/husetihassela.se\\\/de\\\/ferienhaus-mit-schoenem-interieur\\\/#primaryimage\"},\"image\":{\"@id\":\"https:\\\/\\\/husetihassela.se\\\/de\\\/ferienhaus-mit-schoenem-interieur\\\/#primaryimage\"},\"thumbnailUrl\":\"https:\\\/\\\/husetihassela.se\\\/wp-content\\\/uploads\\\/Semesterhus-kitchen-sverige.jpg\",\"datePublished\":\"2024-03-28T12:45:07+00:00\",\"dateModified\":\"2025-04-04T06:03:25+00:00\",\"description\":\"Hier sehen Sie Bilder vom Inneren des Ferienhauses. Drei Etagen mit offener Raumaufteilung und herrlichem Balkon am Wasser.\",\"breadcrumb\":{\"@id\":\"https:\\\/\\\/husetihassela.se\\\/de\\\/ferienhaus-mit-schoenem-interieur\\\/#breadcrumb\"},\"inLanguage\":\"de\",\"potentialAction\":[{\"@type\":\"ReadAction\",\"target\":[\"https:\\\/\\\/husetihassela.se\\\/de\\\/ferienhaus-mit-schoenem-interieur\\\/\"]}]},{\"@type\":\"ImageObject\",\"inLanguage\":\"de\",\"@id\":\"https:\\\/\\\/husetihassela.se\\\/de\\\/ferienhaus-mit-schoenem-interieur\\\/#primaryimage\",\"url\":\"https:\\\/\\\/husetihassela.se\\\/wp-content\\\/uploads\\\/Semesterhus-kitchen-sverige.jpg\",\"contentUrl\":\"https:\\\/\\\/husetihassela.se\\\/wp-content\\\/uploads\\\/Semesterhus-kitchen-sverige.jpg\",\"width\":1000,\"height\":750,\"caption\":\"Teile der K\u00fcche\"},{\"@type\":\"BreadcrumbList\",\"@id\":\"https:\\\/\\\/husetihassela.se\\\/de\\\/ferienhaus-mit-schoenem-interieur\\\/#breadcrumb\",\"itemListElement\":[{\"@type\":\"ListItem\",\"position\":1,\"name\":\"Hem\",\"item\":\"https:\\\/\\\/husetihassela.se\\\/de\\\/\"},{\"@type\":\"ListItem\",\"position\":2,\"name\":\"Ferienhaus innen\"}]},{\"@type\":\"WebSite\",\"@id\":\"https:\\\/\\\/husetihassela.se\\\/#website\",\"url\":\"https:\\\/\\\/husetihassela.se\\\/\",\"name\":\"\",\"description\":\"\",\"potentialAction\":[{\"@type\":\"SearchAction\",\"target\":{\"@type\":\"EntryPoint\",\"urlTemplate\":\"https:\\\/\\\/husetihassela.se\\\/?s={search_term_string}\"},\"query-input\":{\"@type\":\"PropertyValueSpecification\",\"valueRequired\":true,\"valueName\":\"search_term_string\"}}],\"inLanguage\":\"de\"}]}<\/script>\n<!-- \/ Yoast SEO plugin. -->","yoast_head_json":{"title":"Ferienhaus innen -","description":"Hier sehen Sie Bilder vom Inneren des Ferienhauses. Drei Etagen mit offener Raumaufteilung und herrlichem Balkon am Wasser.","robots":{"index":"index","follow":"follow","max-snippet":"max-snippet:-1","max-image-preview":"max-image-preview:large","max-video-preview":"max-video-preview:-1"},"canonical":"https:\/\/husetihassela.se\/de\/ferienhaus-mit-schoenem-interieur\/","og_locale":"de_DE","og_type":"article","og_title":"Ferienhaus innen -","og_description":"Hier sehen Sie Bilder vom Inneren des Ferienhauses. Drei Etagen mit offener Raumaufteilung und herrlichem Balkon am Wasser.","og_url":"https:\/\/husetihassela.se\/de\/ferienhaus-mit-schoenem-interieur\/","article_modified_time":"2025-04-04T06:03:25+00:00","og_image":[{"width":1000,"height":750,"url":"https:\/\/husetihassela.se\/wp-content\/uploads\/Semesterhus-kitchen-sverige.jpg","type":"image\/jpeg"}],"twitter_card":"summary_large_image","twitter_misc":{"Gesch\u00e4tzte Lesezeit":"5\u00a0Minuten"},"schema":{"@context":"https:\/\/schema.org","@graph":[{"@type":"WebPage","@id":"https:\/\/husetihassela.se\/de\/ferienhaus-mit-schoenem-interieur\/","url":"https:\/\/husetihassela.se\/de\/ferienhaus-mit-schoenem-interieur\/","name":"Ferienhaus innen -","isPartOf":{"@id":"https:\/\/husetihassela.se\/#website"},"primaryImageOfPage":{"@id":"https:\/\/husetihassela.se\/de\/ferienhaus-mit-schoenem-interieur\/#primaryimage"},"image":{"@id":"https:\/\/husetihassela.se\/de\/ferienhaus-mit-schoenem-interieur\/#primaryimage"},"thumbnailUrl":"https:\/\/husetihassela.se\/wp-content\/uploads\/Semesterhus-kitchen-sverige.jpg","datePublished":"2024-03-28T12:45:07+00:00","dateModified":"2025-04-04T06:03:25+00:00","description":"Hier sehen Sie Bilder vom Inneren des Ferienhauses. Drei Etagen mit offener Raumaufteilung und herrlichem Balkon am Wasser.","breadcrumb":{"@id":"https:\/\/husetihassela.se\/de\/ferienhaus-mit-schoenem-interieur\/#breadcrumb"},"inLanguage":"de","potentialAction":[{"@type":"ReadAction","target":["https:\/\/husetihassela.se\/de\/ferienhaus-mit-schoenem-interieur\/"]}]},{"@type":"ImageObject","inLanguage":"de","@id":"https:\/\/husetihassela.se\/de\/ferienhaus-mit-schoenem-interieur\/#primaryimage","url":"https:\/\/husetihassela.se\/wp-content\/uploads\/Semesterhus-kitchen-sverige.jpg","contentUrl":"https:\/\/husetihassela.se\/wp-content\/uploads\/Semesterhus-kitchen-sverige.jpg","width":1000,"height":750,"caption":"Teile der K\u00fcche"},{"@type":"BreadcrumbList","@id":"https:\/\/husetihassela.se\/de\/ferienhaus-mit-schoenem-interieur\/#breadcrumb","itemListElement":[{"@type":"ListItem","position":1,"name":"Hem","item":"https:\/\/husetihassela.se\/de\/"},{"@type":"ListItem","position":2,"name":"Ferienhaus innen"}]},{"@type":"WebSite","@id":"https:\/\/husetihassela.se\/#website","url":"https:\/\/husetihassela.se\/","name":"","description":"","potentialAction":[{"@type":"SearchAction","target":{"@type":"EntryPoint","urlTemplate":"https:\/\/husetihassela.se\/?s={search_term_string}"},"query-input":{"@type":"PropertyValueSpecification","valueRequired":true,"valueName":"search_term_string"}}],"inLanguage":"de"}]}},"_links":{"self":[{"href":"https:\/\/husetihassela.se\/de\/wp-json\/wp\/v2\/pages\/2308","targetHints":{"allow":["GET"]}}],"collection":[{"href":"https:\/\/husetihassela.se\/de\/wp-json\/wp\/v2\/pages"}],"about":[{"href":"https:\/\/husetihassela.se\/de\/wp-json\/wp\/v2\/types\/page"}],"author":[{"embeddable":true,"href":"https:\/\/husetihassela.se\/de\/wp-json\/wp\/v2\/users\/1"}],"replies":[{"embeddable":true,"href":"https:\/\/husetihassela.se\/de\/wp-json\/wp\/v2\/comments?post=2308"}],"version-history":[{"count":7,"href":"https:\/\/husetihassela.se\/de\/wp-json\/wp\/v2\/pages\/2308\/revisions"}],"predecessor-version":[{"id":2831,"href":"https:\/\/husetihassela.se\/de\/wp-json\/wp\/v2\/pages\/2308\/revisions\/2831"}],"wp:featuredmedia":[{"embeddable":true,"href":"https:\/\/husetihassela.se\/de\/wp-json\/wp\/v2\/media\/2311"}],"wp:attachment":[{"href":"https:\/\/husetihassela.se\/de\/wp-json\/wp\/v2\/media?parent=2308"}],"curies":[{"name":"wp","href":"https:\/\/api.w.org\/{rel}","templated":true}]}}